{"id":1133,"date":"2023-02-14T10:48:15","date_gmt":"2023-02-14T10:48:15","guid":{"rendered":"https:\/\/centredeformationsteinfort.lu\/?post_type=product&#038;p=1133"},"modified":"2025-09-09T08:37:46","modified_gmt":"2025-09-09T08:37:46","slug":"formation-reflexologie-plantaire-therapeutique-formation-de-base-les-dimanches","status":"publish","type":"product","link":"https:\/\/www.centredereflexologieluxembourg.lu\/?product=formation-reflexologie-plantaire-therapeutique-formation-de-base-les-dimanches","title":{"rendered":"Formation R\u00e9flexologie Plantaire &#8211; Formation de Base &#8211; LES DIMANCHES"},"content":{"rendered":"<ul>\n<li>R\u00e9flexologie Plantaire\u00a0 &#8211; Formation de base (150 p\u00e9riodes) LES DIMANCHES : 1950 euros, payables en 1, 3 ou 5 fois.<\/li>\n<\/ul>\n<div class=\"elementor-element elementor-element-0c62167 elementor-widget elementor-widget-text-editor\" data-id=\"0c62167\" data-element_type=\"widget\" data-widget_type=\"text-editor.default\">\n<div class=\"elementor-widget-container\">\n<div class=\"elementor-element elementor-element-67960bd elementor-widget elementor-widget-text-editor\" data-id=\"67960bd\" data-element_type=\"widget\" data-widget_type=\"text-editor.default\">\n<div class=\"elementor-widget-container\">\n<div class=\"elementor-text-editor elementor-clearfix\">\n<div class=\"elementor-element elementor-element-fb8893a elementor-widget elementor-widget-text-editor\" data-id=\"fb8893a\" data-element_type=\"widget\" data-widget_type=\"text-editor.default\">\n<div class=\"elementor-widget-container\">\n<div class=\"elementor-text-editor elementor-clearfix\">\n<p>En d\u00e9couverte ou en vue d\u2019une reconversion professionnelle, la formation de base en r\u00e9flexologie plantaire vous propose un cursus complet et qualitatif : Anatomie et physiologie des syst\u00e8mes digestif, nerveux, moteur, respiratoire, circulatoire,\u00a0 lymphatique, urinaire, gyn\u00e9cologique et endocrinien, un massage complet ainsi que des protocoles sp\u00e9cifiques par pathologies :<\/p>\n<ul>\n<li>Apprentissage des zones r\u00e9flexes associ\u00e9es;<\/li>\n<li>Massage complet de r\u00e9flexologie plantaire, et<\/li>\n<li>Construction des protocoles; d\u2019accompagnement en r\u00e9flexologie plantaire en fonction des douleurs et troubles\u00a0 du consultant,<\/li>\n<li>Supports p\u00e9dagogiques en vid\u00e9os ;<\/li>\n<li>Approche en relation d\u2019aide;<\/li>\n<li>Ethique et d\u00e9ontologie;<\/li>\n<li>Aide \u00e0 l\u2019installation.<\/li>\n<\/ul>\n<\/div>\n<\/div>\n<\/div>\n<\/div>\n<\/div>\n<\/div>\n<\/div>\n<\/div>\n<div class=\"elementor-element elementor-element-af7b508 elementor-widget elementor-widget-text-editor\" data-id=\"af7b508\" data-element_type=\"widget\" data-widget_type=\"text-editor.default\">\n<div class=\"elementor-widget-container\">\n<p>En Pratique\u00a0:<\/p>\n<p>Remise de syllabus complets et livret reprenant tous les mouvements d\u00e9taill\u00e9s du massage.<\/p>\n<p>Des travaux pratiques (40 rapports) sont demand\u00e9s pour valider le premier niveau (150 heures) afin d\u2019obtenir le certificat. Celui-ci vous donne acc\u00e8s \u00e0 la deuxi\u00e8me ann\u00e9e ou aux diff\u00e9rentes r\u00e9flexologies sp\u00e9cialis\u00e9es.<\/p>\n<p>En plus des d\u00e9mos et de la pratique en bin\u00f4me, 5 vid\u00e9os de massages compl\u00e9mentaires au massage complet sont \u00e0 disposition et transmise pour revoir la pratique. Evaluation continue par le formateur et mise en pratique constante.<\/p>\n<p>Ce certificat est reconnu par le R.I.E.N (Reflexology in Europe Network ).<\/p>\n<p><u>Pour qui\u00a0?<\/u> Ce premier cycle est accessible \u00e0 tous.<\/p>\n<p><u>Dates<\/u> : 9 sessions les dimanches<\/p>\n<p><u>Prix<\/u> : 1950 euros (payable en 1, 3 ou 5 fois)<\/p>\n<p><u>Formateur\u00a0:<\/u> Marie-Laure Emond<\/p>\n<p>Infos : marielaure@centremedicalsteinfort.lu<\/p>\n<\/div>\n<\/div>\n","protected":false},"excerpt":{"rendered":"<p>R\u00e9flexologie Plantaire\u00a0 &#8211; Formation de base (150 p\u00e9riodes) LES DIMANCHES : 1950 euros, payables en 1, 3 ou 5 fois. En d\u00e9couverte ou en vue d\u2019une reconversion professionnelle, la formation de base en r\u00e9flexologie plantaire vous propose un cursus complet et qualitatif : Anatomie et physiologie des syst\u00e8mes digestif, nerveux, moteur, respiratoire, circulatoire,\u00a0 lymphatique, urinaire, [&hellip;]<\/p>\n","protected":false},"featured_media":160,"comment_status":"open","ping_status":"closed","template":"","meta":{"_seopress_robots_primary_cat":"none","_seopress_titles_title":"","_seopress_titles_desc":"","_seopress_robots_index":""},"product_brand":[],"product_cat":[21],"product_tag":[],"class_list":{"0":"post-1133","1":"product","2":"type-product","3":"status-publish","4":"has-post-thumbnail","6":"product_cat-reflexologie","8":"first","9":"outofstock","10":"shipping-taxable","11":"purchasable","12":"product-type-simple"},"_links":{"self":[{"href":"https:\/\/www.centredereflexologieluxembourg.lu\/index.php?rest_route=\/wp\/v2\/product\/1133","targetHints":{"allow":["GET"]}}],"collection":[{"href":"https:\/\/www.centredereflexologieluxembourg.lu\/index.php?rest_route=\/wp\/v2\/product"}],"about":[{"href":"https:\/\/www.centredereflexologieluxembourg.lu\/index.php?rest_route=\/wp\/v2\/types\/product"}],"replies":[{"embeddable":true,"href":"https:\/\/www.centredereflexologieluxembourg.lu\/index.php?rest_route=%2Fwp%2Fv2%2Fcomments&post=1133"}],"wp:featuredmedia":[{"embeddable":true,"href":"https:\/\/www.centredereflexologieluxembourg.lu\/index.php?rest_route=\/wp\/v2\/media\/160"}],"wp:attachment":[{"href":"https:\/\/www.centredereflexologieluxembourg.lu\/index.php?rest_route=%2Fwp%2Fv2%2Fmedia&parent=1133"}],"wp:term":[{"taxonomy":"product_brand","embeddable":true,"href":"https:\/\/www.centredereflexologieluxembourg.lu\/index.php?rest_route=%2Fwp%2Fv2%2Fproduct_brand&post=1133"},{"taxonomy":"product_cat","embeddable":true,"href":"https:\/\/www.centredereflexologieluxembourg.lu\/index.php?rest_route=%2Fwp%2Fv2%2Fproduct_cat&post=1133"},{"taxonomy":"product_tag","embeddable":true,"href":"https:\/\/www.centredereflexologieluxembourg.lu\/index.php?rest_route=%2Fwp%2Fv2%2Fproduct_tag&post=1133"}],"curies":[{"name":"wp","href":"https:\/\/api.w.org\/{rel}","templated":true}]}}